{"id":68,"date":"2012-02-01T13:01:01","date_gmt":"2012-02-01T13:01:01","guid":{"rendered":"http:\/\/www.horter.de\/blog\/?page_id=68"},"modified":"2014-06-08T12:27:01","modified_gmt":"2014-06-08T12:27:01","slug":"i2c-baugruppen","status":"publish","type":"page","link":"https:\/\/www.horter.de\/blog\/i2c-baugruppen\/","title":{"rendered":"I2C-Baugruppen"},"content":{"rendered":"<hr \/>\n<p><a title=\"I2C-Koppler\" href=\"https:\/\/www.horter.de\/blog\/?p=25\"><img loading=\"lazy\" decoding=\"async\" class=\"alignleft\" title=\"I2C-PC-Koppler\" src=\"https:\/\/www.horter.de\/i2c\/i2c-pcseriell.jpg\" alt=\"Bild I2C-PC-Koppler\" width=\"80\" height=\"61\" \/><\/a><a title=\"I2C-PC Koppler\" href=\"https:\/\/www.horter.de\/blog\/i2c-pc-koppler-fur-rs232\/\">I\u00b2C-PC-Koppler f\u00fcr RS232 <\/a><br \/> Der I2C-PC-Koppler ist die g\u00fcnstigste Schnittstelle zwischen PC und dem I2C-Bus.<br \/> Er koppelt seriell \u00fcber die COM-Schnittstelle mit dem MAX232<\/p>\n<hr \/>\n<p>\u00a0<a href=\"https:\/\/www.horter.de\/blog\/?p=65\"><img loading=\"lazy\" decoding=\"async\" class=\"alignleft\" title=\"I2C RS232 Interface\" src=\"https:\/\/www.horter.de\/i2c\/i2c-modem.jpg\" alt=\"Bild I2C-PC-Modem\" width=\"80\" height=\"57\" \/><\/a><a href=\"https:\/\/www.horter.de\/blog\/i2c-rs232-modem\/\">I\u00b22C-RS232-Modem<\/a><br \/> Mit dem I2C-RS232-Modem ist es noch einfacher auf I2C-Bausteine zuzugreifen.<br \/> \u00dcber die serielle Schnittstelle werden Steuersequenzen geschrieben die von dem Interface in I2C-Befehle umgesetzt werden.<\/p>\n<hr \/>\n<p><img loading=\"lazy\" decoding=\"async\" class=\"alignleft\" title=\"I2C-USB-Interface\" src=\"https:\/\/www.horter.de\/i2c\/i2c-usb-modem.jpg\" alt=\"Bild I2C-USB-Modem\" width=\"80\" height=\"59\" \/><a href=\"https:\/\/www.horter.de\/blog\/i2c-usb-modem\/\">I\u00b2C-USB-Modem<\/a><br \/> PCs mit serieller Schnittstelle werden immer seltener. Dieses I2C USB Interface empf\u00e4ngt seine Befehle \u00fcber eine simulierte RS232 Schnittstelle.<br \/> Dadurch ist es m\u00f6glich mit nahezu allen Entwicklungsumgebungen die Slaves anzusprechen.<\/p>\n<hr \/>\n<p><a href=\"https:\/\/www.horter.de\/blog\/?p=173\"><img loading=\"lazy\" decoding=\"async\" class=\"alignleft\" title=\"8 Bit Eing\u00e4nge \/ Ausg\u00e4nge f\u00fcr I2C\" src=\"https:\/\/www.horter.de\/i2c\/i2c-ausgabe.jpg\" alt=\"Bild I2C 8 Bit DO Karte\" width=\"80\" height=\"58\" \/><\/a><a href=\"https:\/\/www.horter.de\/blog\/i2c-eingabe-i2c-ausgabekarte\/\">I\u00b2C Eingabe \/ I2C-Ausgabekarte<\/a><br \/> \u00dcber 8 Bit Eingabekarten k\u00f6nnen digitale Sensoren am Bus eingelesen werden. Die Eingabekarte speichert kurze Signale bis sie \u00fcber den Bus eingelesen werden.<br \/> Mit der Ausgabekarte k\u00f6nnen Lampen, Relais, Motore etc. geschaltet werden.<\/p>\n<hr \/>\n<p><a href=\"https:\/\/www.horter.de\/blog\/wp-content\/uploads\/2012\/02\/I2HS-Eingang_kl.jpg\"><img loading=\"lazy\" decoding=\"async\" class=\"size-full wp-image-499 alignleft\" src=\"https:\/\/www.horter.de\/blog\/wp-content\/uploads\/2012\/02\/I2HS-Eingang_kl.jpg\" alt=\"I2C-Eingabekarte 8 Bit\" width=\"80\" height=\"82\" \/><\/a><a href=\"https:\/\/www.horter.de\/blog\/i2c-module-fur-hutschiene\/\">I2C Hutschienen Module f\u00fcr 5, 12 oder 24V<\/a><br \/>In dieser Produktfamilie finden Sie das neue\u00a0I2C-RS232-Modem 2 mit dem gleichen Befehlsvorrat wie das USB-Modem. Zus\u00e4tzlich kann aber die Baudrate und Zeichenfolge individuell eingestellt werden. das neue I2C-Output Modul kann Ausg\u00e4nge von 5V bis 24V schalten. Das I2C-Input Modul liest 8\u00a0Bit Eingangssignale\u00a0zwischen 5V und 24V ein. Zur Versorgung der Baugruppen haben wir ein Schaltnetzteil entwickelt das aus einer Eingangsspannung bis 40V die Versorgungsspannung der I2C-Baugruppen %V (3,3V) bis 1,5A nahezu verlustfrei erzeugen kann.\u00a0\u00a0<\/p>\n<hr \/>\n<p><img loading=\"lazy\" decoding=\"async\" class=\"alignleft wp-image-780\" src=\"https:\/\/www.horter.de\/blog\/wp-content\/uploads\/2014\/05\/I2C-Repeater-fest-150x150.jpg\" alt=\"I2C-Repeater Vorder- und R\u00fcckseite\" width=\"80\" height=\"80\" srcset=\"https:\/\/www.horter.de\/blog\/wp-content\/uploads\/2014\/05\/I2C-Repeater-fest-150x150.jpg 150w, https:\/\/www.horter.de\/blog\/wp-content\/uploads\/2014\/05\/I2C-Repeater-fest-300x300.jpg 300w, https:\/\/www.horter.de\/blog\/wp-content\/uploads\/2014\/05\/I2C-Repeater-fest-730x730.jpg 730w, https:\/\/www.horter.de\/blog\/wp-content\/uploads\/2014\/05\/I2C-Repeater-fest.jpg 760w\" sizes=\"auto, (max-width: 80px) 100vw, 80px\" \/> Mit dem <a href=\"https:\/\/www.horter.de\/blog\/i2c-repeater-pegelanpassung-fuer-raspberry-pi\/\">I2C-Repater f\u00fcr den Raspberry PI <\/a>werden die 3,3V Pegel des PI auf 5V angehoben.<br \/>Jetzt k\u00f6nnen am PI alle 5V I2C-Slaves sicher angesprochen bzw. ausgelesen werden. Die Platine wird einfach auf den GPIO-Port des Raspberry PI aufgesteckt. <br \/>An der 5poligen Klemmleiste k\u00f6nnen Sie eine andere 5V Spannungsversorgung anschlie\u00dfen. So ist die Spannung vom PI und die Versorgungsspannung der Peripherie entkoppelt. Es ist zwar keine galvanische Trennung jedoch bietet der Repeater neben der Pegelanpassung (Level Translation) eine gewisse Trennung der Versorgungsspannungen.<\/p>\n<hr \/>\n<p>&nbsp;<\/p>\n<p>&nbsp;<\/p>\n<p>&nbsp;<\/p>\n","protected":false},"excerpt":{"rendered":"<p>I\u00b2C-PC-Koppler f\u00fcr RS232 Der I2C-PC-Koppler ist die g\u00fcnstigste Schnittstelle zwischen PC und dem I2C-Bus. Er koppelt seriell \u00fcber die COM-Schnittstelle mit dem MAX232 \u00a0I\u00b22C-RS232-Modem Mit dem I2C-RS232-Modem ist es noch einfacher auf I2C-Bausteine zuzugreifen. \u00dcber die serielle Schnittstelle werden Steuersequenzen&#8230; <a class=\"continue-reading-link\" href=\"https:\/\/www.horter.de\/blog\/i2c-baugruppen\/\">mehr lesen<\/a><\/p>\n","protected":false},"author":3,"featured_media":0,"parent":0,"menu_order":0,"comment_status":"closed","ping_status":"closed","template":"","meta":{"footnotes":""},"class_list":["post-68","page","type-page","status-publish","hentry"],"yoast_head":"<!-- This site is optimized with the Yoast SEO plugin v26.8 - https:\/\/yoast.com\/product\/yoast-seo-wordpress\/ -->\n<title>I2C-Baugruppen - Horter &amp; Kalb Blog<\/title>\n<meta name=\"robots\" content=\"index, follow, max-snippet:-1, max-image-preview:large, max-video-preview:-1\" \/>\n<link rel=\"canonical\" href=\"https:\/\/www.horter.de\/blog\/i2c-baugruppen\/\" \/>\n<meta property=\"og:locale\" content=\"de_DE\" \/>\n<meta property=\"og:type\" content=\"article\" \/>\n<meta property=\"og:title\" content=\"I2C-Baugruppen - Horter &amp; Kalb Blog\" \/>\n<meta property=\"og:description\" content=\"I\u00b2C-PC-Koppler f\u00fcr RS232 Der I2C-PC-Koppler ist die g\u00fcnstigste Schnittstelle zwischen PC und dem I2C-Bus. Er koppelt seriell \u00fcber die COM-Schnittstelle mit dem MAX232 \u00a0I\u00b22C-RS232-Modem Mit dem I2C-RS232-Modem ist es noch einfacher auf I2C-Bausteine zuzugreifen. \u00dcber die serielle Schnittstelle werden Steuersequenzen... mehr lesen\" \/>\n<meta property=\"og:url\" content=\"https:\/\/www.horter.de\/blog\/i2c-baugruppen\/\" \/>\n<meta property=\"og:site_name\" content=\"Horter &amp; Kalb Blog\" \/>\n<meta property=\"article:modified_time\" content=\"2014-06-08T12:27:01+00:00\" \/>\n<meta property=\"og:image\" content=\"https:\/\/www.horter.de\/i2c\/i2c-pcseriell.jpg\" \/>\n<meta name=\"twitter:card\" content=\"summary_large_image\" \/>\n<meta name=\"twitter:label1\" content=\"Gesch\u00e4tzte Lesezeit\" \/>\n\t<meta name=\"twitter:data1\" content=\"2\u00a0Minuten\" \/>\n<script type=\"application\/ld+json\" class=\"yoast-schema-graph\">{\"@context\":\"https:\/\/schema.org\",\"@graph\":[{\"@type\":\"WebPage\",\"@id\":\"https:\/\/www.horter.de\/blog\/i2c-baugruppen\/\",\"url\":\"https:\/\/www.horter.de\/blog\/i2c-baugruppen\/\",\"name\":\"I2C-Baugruppen - Horter &amp; Kalb Blog\",\"isPartOf\":{\"@id\":\"https:\/\/www.horter.de\/blog\/#website\"},\"primaryImageOfPage\":{\"@id\":\"https:\/\/www.horter.de\/blog\/i2c-baugruppen\/#primaryimage\"},\"image\":{\"@id\":\"https:\/\/www.horter.de\/blog\/i2c-baugruppen\/#primaryimage\"},\"thumbnailUrl\":\"https:\/\/www.horter.de\/i2c\/i2c-pcseriell.jpg\",\"datePublished\":\"2012-02-01T13:01:01+00:00\",\"dateModified\":\"2014-06-08T12:27:01+00:00\",\"breadcrumb\":{\"@id\":\"https:\/\/www.horter.de\/blog\/i2c-baugruppen\/#breadcrumb\"},\"inLanguage\":\"de\",\"potentialAction\":[{\"@type\":\"ReadAction\",\"target\":[\"https:\/\/www.horter.de\/blog\/i2c-baugruppen\/\"]}]},{\"@type\":\"ImageObject\",\"inLanguage\":\"de\",\"@id\":\"https:\/\/www.horter.de\/blog\/i2c-baugruppen\/#primaryimage\",\"url\":\"https:\/\/www.horter.de\/i2c\/i2c-pcseriell.jpg\",\"contentUrl\":\"https:\/\/www.horter.de\/i2c\/i2c-pcseriell.jpg\"},{\"@type\":\"BreadcrumbList\",\"@id\":\"https:\/\/www.horter.de\/blog\/i2c-baugruppen\/#breadcrumb\",\"itemListElement\":[{\"@type\":\"ListItem\",\"position\":1,\"name\":\"Start\",\"item\":\"https:\/\/www.horter.de\/blog\/\"},{\"@type\":\"ListItem\",\"position\":2,\"name\":\"I2C-Baugruppen\"}]},{\"@type\":\"WebSite\",\"@id\":\"https:\/\/www.horter.de\/blog\/#website\",\"url\":\"https:\/\/www.horter.de\/blog\/\",\"name\":\"Horter & Kalb Blog\",\"description\":\"SPS, I2C und mehr\",\"publisher\":{\"@id\":\"https:\/\/www.horter.de\/blog\/#organization\"},\"potentialAction\":[{\"@type\":\"SearchAction\",\"target\":{\"@type\":\"EntryPoint\",\"urlTemplate\":\"https:\/\/www.horter.de\/blog\/?s={search_term_string}\"},\"query-input\":{\"@type\":\"PropertyValueSpecification\",\"valueRequired\":true,\"valueName\":\"search_term_string\"}}],\"inLanguage\":\"de\"},{\"@type\":\"Organization\",\"@id\":\"https:\/\/www.horter.de\/blog\/#organization\",\"name\":\"Horter & Kalb Blog\",\"url\":\"https:\/\/www.horter.de\/blog\/\",\"logo\":{\"@type\":\"ImageObject\",\"inLanguage\":\"de\",\"@id\":\"https:\/\/www.horter.de\/blog\/#\/schema\/logo\/image\/\",\"url\":\"https:\/\/www.horter.de\/blog\/wp-content\/uploads\/2026\/01\/hoka_Icon_400x400.png\",\"contentUrl\":\"https:\/\/www.horter.de\/blog\/wp-content\/uploads\/2026\/01\/hoka_Icon_400x400.png\",\"width\":400,\"height\":400,\"caption\":\"Horter & Kalb Blog\"},\"image\":{\"@id\":\"https:\/\/www.horter.de\/blog\/#\/schema\/logo\/image\/\"}}]}<\/script>\n<!-- \/ Yoast SEO plugin. -->","yoast_head_json":{"title":"I2C-Baugruppen - Horter &amp; Kalb Blog","robots":{"index":"index","follow":"follow","max-snippet":"max-snippet:-1","max-image-preview":"max-image-preview:large","max-video-preview":"max-video-preview:-1"},"canonical":"https:\/\/www.horter.de\/blog\/i2c-baugruppen\/","og_locale":"de_DE","og_type":"article","og_title":"I2C-Baugruppen - Horter &amp; Kalb Blog","og_description":"I\u00b2C-PC-Koppler f\u00fcr RS232 Der I2C-PC-Koppler ist die g\u00fcnstigste Schnittstelle zwischen PC und dem I2C-Bus. Er koppelt seriell \u00fcber die COM-Schnittstelle mit dem MAX232 \u00a0I\u00b22C-RS232-Modem Mit dem I2C-RS232-Modem ist es noch einfacher auf I2C-Bausteine zuzugreifen. \u00dcber die serielle Schnittstelle werden Steuersequenzen... mehr lesen","og_url":"https:\/\/www.horter.de\/blog\/i2c-baugruppen\/","og_site_name":"Horter &amp; Kalb Blog","article_modified_time":"2014-06-08T12:27:01+00:00","og_image":[{"url":"https:\/\/www.horter.de\/i2c\/i2c-pcseriell.jpg","type":"","width":"","height":""}],"twitter_card":"summary_large_image","twitter_misc":{"Gesch\u00e4tzte Lesezeit":"2\u00a0Minuten"},"schema":{"@context":"https:\/\/schema.org","@graph":[{"@type":"WebPage","@id":"https:\/\/www.horter.de\/blog\/i2c-baugruppen\/","url":"https:\/\/www.horter.de\/blog\/i2c-baugruppen\/","name":"I2C-Baugruppen - Horter &amp; Kalb Blog","isPartOf":{"@id":"https:\/\/www.horter.de\/blog\/#website"},"primaryImageOfPage":{"@id":"https:\/\/www.horter.de\/blog\/i2c-baugruppen\/#primaryimage"},"image":{"@id":"https:\/\/www.horter.de\/blog\/i2c-baugruppen\/#primaryimage"},"thumbnailUrl":"https:\/\/www.horter.de\/i2c\/i2c-pcseriell.jpg","datePublished":"2012-02-01T13:01:01+00:00","dateModified":"2014-06-08T12:27:01+00:00","breadcrumb":{"@id":"https:\/\/www.horter.de\/blog\/i2c-baugruppen\/#breadcrumb"},"inLanguage":"de","potentialAction":[{"@type":"ReadAction","target":["https:\/\/www.horter.de\/blog\/i2c-baugruppen\/"]}]},{"@type":"ImageObject","inLanguage":"de","@id":"https:\/\/www.horter.de\/blog\/i2c-baugruppen\/#primaryimage","url":"https:\/\/www.horter.de\/i2c\/i2c-pcseriell.jpg","contentUrl":"https:\/\/www.horter.de\/i2c\/i2c-pcseriell.jpg"},{"@type":"BreadcrumbList","@id":"https:\/\/www.horter.de\/blog\/i2c-baugruppen\/#breadcrumb","itemListElement":[{"@type":"ListItem","position":1,"name":"Start","item":"https:\/\/www.horter.de\/blog\/"},{"@type":"ListItem","position":2,"name":"I2C-Baugruppen"}]},{"@type":"WebSite","@id":"https:\/\/www.horter.de\/blog\/#website","url":"https:\/\/www.horter.de\/blog\/","name":"Horter & Kalb Blog","description":"SPS, I2C und mehr","publisher":{"@id":"https:\/\/www.horter.de\/blog\/#organization"},"potentialAction":[{"@type":"SearchAction","target":{"@type":"EntryPoint","urlTemplate":"https:\/\/www.horter.de\/blog\/?s={search_term_string}"},"query-input":{"@type":"PropertyValueSpecification","valueRequired":true,"valueName":"search_term_string"}}],"inLanguage":"de"},{"@type":"Organization","@id":"https:\/\/www.horter.de\/blog\/#organization","name":"Horter & Kalb Blog","url":"https:\/\/www.horter.de\/blog\/","logo":{"@type":"ImageObject","inLanguage":"de","@id":"https:\/\/www.horter.de\/blog\/#\/schema\/logo\/image\/","url":"https:\/\/www.horter.de\/blog\/wp-content\/uploads\/2026\/01\/hoka_Icon_400x400.png","contentUrl":"https:\/\/www.horter.de\/blog\/wp-content\/uploads\/2026\/01\/hoka_Icon_400x400.png","width":400,"height":400,"caption":"Horter & Kalb Blog"},"image":{"@id":"https:\/\/www.horter.de\/blog\/#\/schema\/logo\/image\/"}}]}},"_links":{"self":[{"href":"https:\/\/www.horter.de\/blog\/wp-json\/wp\/v2\/pages\/68","targetHints":{"allow":["GET"]}}],"collection":[{"href":"https:\/\/www.horter.de\/blog\/wp-json\/wp\/v2\/pages"}],"about":[{"href":"https:\/\/www.horter.de\/blog\/wp-json\/wp\/v2\/types\/page"}],"author":[{"embeddable":true,"href":"https:\/\/www.horter.de\/blog\/wp-json\/wp\/v2\/users\/3"}],"replies":[{"embeddable":true,"href":"https:\/\/www.horter.de\/blog\/wp-json\/wp\/v2\/comments?post=68"}],"version-history":[{"count":23,"href":"https:\/\/www.horter.de\/blog\/wp-json\/wp\/v2\/pages\/68\/revisions"}],"predecessor-version":[{"id":805,"href":"https:\/\/www.horter.de\/blog\/wp-json\/wp\/v2\/pages\/68\/revisions\/805"}],"wp:attachment":[{"href":"https:\/\/www.horter.de\/blog\/wp-json\/wp\/v2\/media?parent=68"}],"curies":[{"name":"wp","href":"https:\/\/api.w.org\/{rel}","templated":true}]}}