{"id":76,"date":"2012-02-01T13:39:57","date_gmt":"2012-02-01T13:39:57","guid":{"rendered":"http:\/\/www.horter.de\/blog\/?page_id=76"},"modified":"2022-11-18T10:20:41","modified_gmt":"2022-11-18T10:20:41","slug":"impressum","status":"publish","type":"page","link":"https:\/\/www.horter.de\/blog\/impressum\/","title":{"rendered":"Impressum"},"content":{"rendered":"<p>Angaben gem\u00e4\u00df \u00a7 5 TMG:<\/p>\n<p>J\u00fcrgen Horter<br \/>\nKlinikumallee 23<br \/>\n95445 Bayreuth<\/p>\n<p>&nbsp;<\/p>\n<h4>Kontakt:<\/h4>\n<p>Telefon: +49 921 68374<br \/>\nE-Mail: <img loading=\"lazy\" decoding=\"async\" src=\"https:\/\/www.horter.de\/images\/mail.gif\" alt=\"\" width=\"127\" height=\"16\" \/><\/p>\n<p>&nbsp;<\/p>\n<h4>Umsatzsteuer-ID:<\/h4>\n<p>Umsatzsteuer-Identifikationsnummer gem\u00e4\u00df \u00a727 a Umsatzsteuergesetz: DE250411431<\/p>\n<p>Berufsbezeichnung: Industriemeister MSR Zust\u00e4ndige Kammer: IHK Bayreuth Verliehen durch: Bayern Es gelten folgende berufsrechtliche Regelungen: Regelungen einsehbar unter:<\/p>\n<p>&nbsp;<\/p>\n<h4>Verantwortlich f\u00fcr den Inhalt nach \u00a7 55 Abs. 2 RStV:<\/h4>\n<p>J\u00fcrgen Horter Klinikumallee 23 95445 Bayreuth<\/p>\n<p>Quelle: <em>Impressumgenerator, <a href=\"http:\/\/www.e-recht24.de\" target=\"_blank\" rel=\"noopener\">http:\/\/www.e-recht24.de<\/a><\/em><\/p>\n<h4><\/h4>\n<h4>Haftungsausschluss:<\/h4>\n<p><strong>Haftung f\u00fcr Inhalte<\/strong><\/p>\n<p>Die Inhalte unserer Seiten wurden mit gr\u00f6\u00dfter Sorgfalt erstellt.\u00a0\u00a0\u00a0\u00a0\u00a0\u00a0 F\u00fcr die Richtigkeit, Vollst\u00e4ndigkeit und Aktualit\u00e4t der Inhalte\u00a0\u00a0\u00a0\u00a0\u00a0\u00a0 k\u00f6nnen wir jedoch keine Gew\u00e4hr \u00fcbernehmen. Als Diensteanbieter sind wir gem\u00e4\u00df \u00a7 7 Abs.1 TMG f\u00fcr\u00a0\u00a0\u00a0\u00a0\u00a0\u00a0 eigene Inhalte auf diesen Seiten nach den allgemeinen Gesetzen verantwortlich.\u00a0\u00a0\u00a0\u00a0\u00a0\u00a0 Nach \u00a7\u00a7 8 bis 10 TMG sind wir als Diensteanbieter jedoch nicht\u00a0\u00a0\u00a0\u00a0\u00a0\u00a0 verpflichtet, \u00fcbermittelte oder gespeicherte fremde Informationen zu\u00a0\u00a0\u00a0\u00a0\u00a0\u00a0 \u00fcberwachen oder nach Umst\u00e4nden zu forschen, die auf eine rechtswidrige\u00a0\u00a0\u00a0\u00a0\u00a0\u00a0 T\u00e4tigkeit hinweisen. Verpflichtungen zur Entfernung oder Sperrung der\u00a0\u00a0\u00a0\u00a0\u00a0\u00a0 Nutzung von Informationen nach den allgemeinen Gesetzen bleiben hiervon\u00a0\u00a0\u00a0\u00a0\u00a0\u00a0 unber\u00fchrt. Eine diesbez\u00fcgliche Haftung ist jedoch erst ab dem\u00a0\u00a0\u00a0\u00a0\u00a0\u00a0 Zeitpunkt der Kenntnis einer konkreten Rechtsverletzung m\u00f6glich. Bei\u00a0\u00a0\u00a0\u00a0\u00a0\u00a0 Bekanntwerden von entsprechenden Rechtsverletzungen werden wir diese Inhalte\u00a0\u00a0\u00a0\u00a0\u00a0\u00a0 umgehend entfernen.<\/p>\n<p><strong>Haftung f\u00fcr Links<\/strong><\/p>\n<p>Unser Angebot enth\u00e4lt Links zu externen Webseiten Dritter, auf deren\u00a0\u00a0\u00a0\u00a0\u00a0\u00a0 Inhalte wir keinen Einfluss haben. Deshalb k\u00f6nnen wir f\u00fcr diese\u00a0\u00a0\u00a0\u00a0\u00a0\u00a0 fremden Inhalte auch keine Gew\u00e4hr \u00fcbernehmen. F\u00fcr die Inhalte\u00a0\u00a0\u00a0\u00a0\u00a0\u00a0 der verlinkten Seiten ist stets der jeweilige Anbieter oder Betreiber der\u00a0\u00a0\u00a0\u00a0\u00a0\u00a0 Seiten verantwortlich. Die verlinkten Seiten wurden zum Zeitpunkt der Verlinkung\u00a0\u00a0\u00a0\u00a0\u00a0\u00a0 auf m\u00f6gliche Rechtsverst\u00f6\u00dfe \u00fcberpr\u00fcft. Rechtswidrige\u00a0\u00a0\u00a0\u00a0\u00a0\u00a0 Inhalte waren zum Zeitpunkt der Verlinkung nicht erkennbar. Eine permanente\u00a0\u00a0\u00a0\u00a0\u00a0\u00a0 inhaltliche Kontrolle der verlinkten Seiten ist jedoch ohne konkrete Anhaltspunkte\u00a0\u00a0\u00a0\u00a0\u00a0\u00a0 einer Rechtsverletzung nicht zumutbar. Bei Bekanntwerden von Rechtsverletzungen\u00a0\u00a0\u00a0\u00a0\u00a0\u00a0 werden wir derartige Links umgehend entfernen.<\/p>\n<p><strong>Urheberrecht<\/strong><\/p>\n<p>Die durch die Seitenbetreiber erstellten Inhalte und Werke auf diesen Seiten\u00a0\u00a0\u00a0\u00a0\u00a0\u00a0 unterliegen dem deutschen Urheberrecht. Die Vervielf\u00e4ltigung, Bearbeitung, Verbreitung und\u00a0\u00a0\u00a0\u00a0\u00a0\u00a0 jede Art der Verwertung au\u00dferhalb der Grenzen des Urheberrechtes bed\u00fcrfen\u00a0\u00a0\u00a0\u00a0\u00a0\u00a0 der schriftlichen Zustimmung des jeweiligen Autors bzw. Erstellers. Downloads\u00a0\u00a0\u00a0\u00a0\u00a0\u00a0 und Kopien dieser Seite sind nur f\u00fcr den privaten, nicht kommerziellen\u00a0\u00a0\u00a0\u00a0\u00a0\u00a0 Gebrauch gestattet. Soweit die Inhalte auf dieser Seite nicht vom Betreiber erstellt wurden,\u00a0\u00a0\u00a0\u00a0\u00a0\u00a0 werden die Urheberrechte Dritter beachtet. Insbesondere werden Inhalte Dritter als solche\u00a0\u00a0\u00a0\u00a0\u00a0\u00a0 gekennzeichnet. Sollten Sie trotzdem auf eine Urheberrechtsverletzung aufmerksam werden, bitten wir um einen entsprechenden Hinweis.\u00a0\u00a0\u00a0\u00a0\u00a0\u00a0 Bei Bekanntwerden von Rechtsverletzungen werden wir derartige Inhalte umgehend entfernen.<\/p>\n<p><em><i><i>Quellen: <a href=\"http:\/\/www.e-recht24.de\/muster-datenschutzerklaerung.htm\" target=\"_blank\" rel=\"nofollow noopener\">eRecht24 Datenschutzerkl\u00e4rung<\/a>, <a href=\"http:\/\/www.google.com\/intl\/de\/analytics\/privacyoverview.html\" target=\"_blank\" rel=\"nofollow noopener\">Google Analytics Datenschutzerkl\u00e4rung<\/a>, <a href=\"http:\/\/www.e-recht24.de\/artikel\/datenschutz\/6635-datenschutz-rechtliche-risiken-bei-der-nutzung-von-google-analytics-und-googleadsense.html\" target=\"_blank\" rel=\"nofollow noopener\">eRecht24 Datenschutzerkl\u00e4rung Google Adsense<\/a><\/i><\/i><\/em><\/p>\n<p>&nbsp;<\/p>\n<p><a href=\"https:\/\/www.horter.de\/blog\/datenschutzerklaerung\/\"><strong>Datenschutzerkl\u00e4rung<\/strong>\u00a0<\/a><\/p>\n","protected":false},"excerpt":{"rendered":"<p>Angaben gem\u00e4\u00df \u00a7 5 TMG: J\u00fcrgen Horter Klinikumallee 23 95445 Bayreuth &nbsp; Kontakt: Telefon: +49 921 68374 E-Mail: &nbsp; Umsatzsteuer-ID: Umsatzsteuer-Identifikationsnummer gem\u00e4\u00df \u00a727 a Umsatzsteuergesetz: DE250411431 Berufsbezeichnung: Industriemeister MSR Zust\u00e4ndige Kammer: IHK Bayreuth Verliehen durch: Bayern Es gelten folgende berufsrechtliche&#8230; <a class=\"continue-reading-link\" href=\"https:\/\/www.horter.de\/blog\/impressum\/\">mehr lesen<\/a><\/p>\n","protected":false},"author":3,"featured_media":0,"parent":0,"menu_order":5,"comment_status":"closed","ping_status":"closed","template":"","meta":{"footnotes":""},"class_list":["post-76","page","type-page","status-publish","hentry"],"yoast_head":"<!-- This site is optimized with the Yoast SEO plugin v26.8 - https:\/\/yoast.com\/product\/yoast-seo-wordpress\/ -->\n<title>Impressum - Horter &amp; Kalb Blog<\/title>\n<meta name=\"robots\" content=\"index, follow, max-snippet:-1, max-image-preview:large, max-video-preview:-1\" \/>\n<link rel=\"canonical\" href=\"https:\/\/www.horter.de\/blog\/impressum\/\" \/>\n<meta property=\"og:locale\" content=\"de_DE\" \/>\n<meta property=\"og:type\" content=\"article\" \/>\n<meta property=\"og:title\" content=\"Impressum - Horter &amp; Kalb Blog\" \/>\n<meta property=\"og:description\" content=\"Angaben gem\u00e4\u00df \u00a7 5 TMG: J\u00fcrgen Horter Klinikumallee 23 95445 Bayreuth &nbsp; Kontakt: Telefon: +49 921 68374 E-Mail: &nbsp; Umsatzsteuer-ID: Umsatzsteuer-Identifikationsnummer gem\u00e4\u00df \u00a727 a Umsatzsteuergesetz: DE250411431 Berufsbezeichnung: Industriemeister MSR Zust\u00e4ndige Kammer: IHK Bayreuth Verliehen durch: Bayern Es gelten folgende berufsrechtliche... mehr lesen\" \/>\n<meta property=\"og:url\" content=\"https:\/\/www.horter.de\/blog\/impressum\/\" \/>\n<meta property=\"og:site_name\" content=\"Horter &amp; Kalb Blog\" \/>\n<meta property=\"article:modified_time\" content=\"2022-11-18T10:20:41+00:00\" \/>\n<meta property=\"og:image\" content=\"https:\/\/www.horter.de\/images\/mail.gif\" \/>\n<meta name=\"twitter:card\" content=\"summary_large_image\" \/>\n<meta name=\"twitter:label1\" content=\"Gesch\u00e4tzte Lesezeit\" \/>\n\t<meta name=\"twitter:data1\" content=\"2\u00a0Minuten\" \/>\n<script type=\"application\/ld+json\" class=\"yoast-schema-graph\">{\"@context\":\"https:\/\/schema.org\",\"@graph\":[{\"@type\":\"WebPage\",\"@id\":\"https:\/\/www.horter.de\/blog\/impressum\/\",\"url\":\"https:\/\/www.horter.de\/blog\/impressum\/\",\"name\":\"Impressum - Horter &amp; Kalb Blog\",\"isPartOf\":{\"@id\":\"https:\/\/www.horter.de\/blog\/#website\"},\"primaryImageOfPage\":{\"@id\":\"https:\/\/www.horter.de\/blog\/impressum\/#primaryimage\"},\"image\":{\"@id\":\"https:\/\/www.horter.de\/blog\/impressum\/#primaryimage\"},\"thumbnailUrl\":\"https:\/\/www.horter.de\/images\/mail.gif\",\"datePublished\":\"2012-02-01T13:39:57+00:00\",\"dateModified\":\"2022-11-18T10:20:41+00:00\",\"breadcrumb\":{\"@id\":\"https:\/\/www.horter.de\/blog\/impressum\/#breadcrumb\"},\"inLanguage\":\"de\",\"potentialAction\":[{\"@type\":\"ReadAction\",\"target\":[\"https:\/\/www.horter.de\/blog\/impressum\/\"]}]},{\"@type\":\"ImageObject\",\"inLanguage\":\"de\",\"@id\":\"https:\/\/www.horter.de\/blog\/impressum\/#primaryimage\",\"url\":\"https:\/\/www.horter.de\/images\/mail.gif\",\"contentUrl\":\"https:\/\/www.horter.de\/images\/mail.gif\"},{\"@type\":\"BreadcrumbList\",\"@id\":\"https:\/\/www.horter.de\/blog\/impressum\/#breadcrumb\",\"itemListElement\":[{\"@type\":\"ListItem\",\"position\":1,\"name\":\"Start\",\"item\":\"https:\/\/www.horter.de\/blog\/\"},{\"@type\":\"ListItem\",\"position\":2,\"name\":\"Impressum\"}]},{\"@type\":\"WebSite\",\"@id\":\"https:\/\/www.horter.de\/blog\/#website\",\"url\":\"https:\/\/www.horter.de\/blog\/\",\"name\":\"Horter & Kalb Blog\",\"description\":\"SPS, I2C und mehr\",\"publisher\":{\"@id\":\"https:\/\/www.horter.de\/blog\/#organization\"},\"potentialAction\":[{\"@type\":\"SearchAction\",\"target\":{\"@type\":\"EntryPoint\",\"urlTemplate\":\"https:\/\/www.horter.de\/blog\/?s={search_term_string}\"},\"query-input\":{\"@type\":\"PropertyValueSpecification\",\"valueRequired\":true,\"valueName\":\"search_term_string\"}}],\"inLanguage\":\"de\"},{\"@type\":\"Organization\",\"@id\":\"https:\/\/www.horter.de\/blog\/#organization\",\"name\":\"Horter & Kalb Blog\",\"url\":\"https:\/\/www.horter.de\/blog\/\",\"logo\":{\"@type\":\"ImageObject\",\"inLanguage\":\"de\",\"@id\":\"https:\/\/www.horter.de\/blog\/#\/schema\/logo\/image\/\",\"url\":\"https:\/\/www.horter.de\/blog\/wp-content\/uploads\/2026\/01\/hoka_Icon_400x400.png\",\"contentUrl\":\"https:\/\/www.horter.de\/blog\/wp-content\/uploads\/2026\/01\/hoka_Icon_400x400.png\",\"width\":400,\"height\":400,\"caption\":\"Horter & Kalb Blog\"},\"image\":{\"@id\":\"https:\/\/www.horter.de\/blog\/#\/schema\/logo\/image\/\"}}]}<\/script>\n<!-- \/ Yoast SEO plugin. -->","yoast_head_json":{"title":"Impressum - Horter &amp; Kalb Blog","robots":{"index":"index","follow":"follow","max-snippet":"max-snippet:-1","max-image-preview":"max-image-preview:large","max-video-preview":"max-video-preview:-1"},"canonical":"https:\/\/www.horter.de\/blog\/impressum\/","og_locale":"de_DE","og_type":"article","og_title":"Impressum - Horter &amp; Kalb Blog","og_description":"Angaben gem\u00e4\u00df \u00a7 5 TMG: J\u00fcrgen Horter Klinikumallee 23 95445 Bayreuth &nbsp; Kontakt: Telefon: +49 921 68374 E-Mail: &nbsp; Umsatzsteuer-ID: Umsatzsteuer-Identifikationsnummer gem\u00e4\u00df \u00a727 a Umsatzsteuergesetz: DE250411431 Berufsbezeichnung: Industriemeister MSR Zust\u00e4ndige Kammer: IHK Bayreuth Verliehen durch: Bayern Es gelten folgende berufsrechtliche... mehr lesen","og_url":"https:\/\/www.horter.de\/blog\/impressum\/","og_site_name":"Horter &amp; Kalb Blog","article_modified_time":"2022-11-18T10:20:41+00:00","og_image":[{"url":"https:\/\/www.horter.de\/images\/mail.gif","type":"","width":"","height":""}],"twitter_card":"summary_large_image","twitter_misc":{"Gesch\u00e4tzte Lesezeit":"2\u00a0Minuten"},"schema":{"@context":"https:\/\/schema.org","@graph":[{"@type":"WebPage","@id":"https:\/\/www.horter.de\/blog\/impressum\/","url":"https:\/\/www.horter.de\/blog\/impressum\/","name":"Impressum - Horter &amp; Kalb Blog","isPartOf":{"@id":"https:\/\/www.horter.de\/blog\/#website"},"primaryImageOfPage":{"@id":"https:\/\/www.horter.de\/blog\/impressum\/#primaryimage"},"image":{"@id":"https:\/\/www.horter.de\/blog\/impressum\/#primaryimage"},"thumbnailUrl":"https:\/\/www.horter.de\/images\/mail.gif","datePublished":"2012-02-01T13:39:57+00:00","dateModified":"2022-11-18T10:20:41+00:00","breadcrumb":{"@id":"https:\/\/www.horter.de\/blog\/impressum\/#breadcrumb"},"inLanguage":"de","potentialAction":[{"@type":"ReadAction","target":["https:\/\/www.horter.de\/blog\/impressum\/"]}]},{"@type":"ImageObject","inLanguage":"de","@id":"https:\/\/www.horter.de\/blog\/impressum\/#primaryimage","url":"https:\/\/www.horter.de\/images\/mail.gif","contentUrl":"https:\/\/www.horter.de\/images\/mail.gif"},{"@type":"BreadcrumbList","@id":"https:\/\/www.horter.de\/blog\/impressum\/#breadcrumb","itemListElement":[{"@type":"ListItem","position":1,"name":"Start","item":"https:\/\/www.horter.de\/blog\/"},{"@type":"ListItem","position":2,"name":"Impressum"}]},{"@type":"WebSite","@id":"https:\/\/www.horter.de\/blog\/#website","url":"https:\/\/www.horter.de\/blog\/","name":"Horter & Kalb Blog","description":"SPS, I2C und mehr","publisher":{"@id":"https:\/\/www.horter.de\/blog\/#organization"},"potentialAction":[{"@type":"SearchAction","target":{"@type":"EntryPoint","urlTemplate":"https:\/\/www.horter.de\/blog\/?s={search_term_string}"},"query-input":{"@type":"PropertyValueSpecification","valueRequired":true,"valueName":"search_term_string"}}],"inLanguage":"de"},{"@type":"Organization","@id":"https:\/\/www.horter.de\/blog\/#organization","name":"Horter & Kalb Blog","url":"https:\/\/www.horter.de\/blog\/","logo":{"@type":"ImageObject","inLanguage":"de","@id":"https:\/\/www.horter.de\/blog\/#\/schema\/logo\/image\/","url":"https:\/\/www.horter.de\/blog\/wp-content\/uploads\/2026\/01\/hoka_Icon_400x400.png","contentUrl":"https:\/\/www.horter.de\/blog\/wp-content\/uploads\/2026\/01\/hoka_Icon_400x400.png","width":400,"height":400,"caption":"Horter & Kalb Blog"},"image":{"@id":"https:\/\/www.horter.de\/blog\/#\/schema\/logo\/image\/"}}]}},"_links":{"self":[{"href":"https:\/\/www.horter.de\/blog\/wp-json\/wp\/v2\/pages\/76","targetHints":{"allow":["GET"]}}],"collection":[{"href":"https:\/\/www.horter.de\/blog\/wp-json\/wp\/v2\/pages"}],"about":[{"href":"https:\/\/www.horter.de\/blog\/wp-json\/wp\/v2\/types\/page"}],"author":[{"embeddable":true,"href":"https:\/\/www.horter.de\/blog\/wp-json\/wp\/v2\/users\/3"}],"replies":[{"embeddable":true,"href":"https:\/\/www.horter.de\/blog\/wp-json\/wp\/v2\/comments?post=76"}],"version-history":[{"count":18,"href":"https:\/\/www.horter.de\/blog\/wp-json\/wp\/v2\/pages\/76\/revisions"}],"predecessor-version":[{"id":28157,"href":"https:\/\/www.horter.de\/blog\/wp-json\/wp\/v2\/pages\/76\/revisions\/28157"}],"wp:attachment":[{"href":"https:\/\/www.horter.de\/blog\/wp-json\/wp\/v2\/media?parent=76"}],"curies":[{"name":"wp","href":"https:\/\/api.w.org\/{rel}","templated":true}]}}