{"id":807,"date":"2014-06-13T14:03:28","date_gmt":"2014-06-13T14:03:28","guid":{"rendered":"http:\/\/www.horter.de\/blog\/?page_id=807"},"modified":"2016-01-09T10:28:26","modified_gmt":"2016-01-09T10:28:26","slug":"agb","status":"publish","type":"page","link":"https:\/\/www.horter.de\/blog\/agb\/","title":{"rendered":"AGB"},"content":{"rendered":"<p><span style=\"font-family: arial,helvetica,sans-serif;\">Liebe Kunden,<\/span><\/p>\n<p><span style=\"font-family: arial,helvetica,sans-serif;\">um diese Gesch\u00e4ftsbedingungen auszudrucken oder zu speichern benutzen Sie bitte die Druck- oder Speicherfunktion Ihres Browsers oder laden Sie diese unter <a href=\"https:\/\/www.horter.de\/download\/\">https:\/\/www.horter.de\/download\/<\/a> als PDF-Dokument aus dem Internet.<\/span><\/p>\n<p><span style=\"font-family: arial,helvetica,sans-serif; font-size: 12pt;\"><strong>Geltungsbereich<\/strong><\/span><\/p>\n<p><span style=\"font-family: arial,helvetica,sans-serif;\">F\u00fcr die Gesch\u00e4ftsbeziehung zwischen Horter &amp; Kalb und dem Besteller gelten ausschlie\u00dflich die nachfolgenden Allgemeinen Gesch\u00e4ftsbedingungen in ihrer zum Zeitpunkt der Bestellung g\u00fcltigen Fassung. Entgegenstehende oder von unseren AGB abweichende Einkaufsbedingungen des Bestellers erkennen wir nicht an und widersprechen diesen.<\/span><\/p>\n<p><span style=\"font-family: arial,helvetica,sans-serif;\">Bestellungen und Lieferungen sind grunds\u00e4tzlich in die L\u00e4nder m\u00f6glich, die in der L\u00e4nderauswahl unseres Online-Shops aktuell w\u00e4hlbar sind, wenn keine rechtlichen Regelungen dem entgegenstehen. Sollten Sie eine Lieferung in ein anderes Land w\u00fcnschen, so versuchen wir gerne Ihnen zu helfen.<\/span><\/p>\n<p><span style=\"font-family: arial,helvetica,sans-serif;\">Mit dem Erscheinen dieser Allgemeinen Gesch\u00e4ftsbedingungen verlieren alle bisherigen Versionen AGB ihre G\u00fcltigkeit.<\/span><\/p>\n<p><span style=\"font-family: arial,helvetica,sans-serif;\">Unsere Angaben und Angebote hinsichtlich der Ger\u00e4te und Produktbeschreibungen sind freibleibend. Druckfehler und Irrt\u00fcmer vorbehalten. Im Hinblick auf die st\u00e4ndige techn. Weiterentwicklung und Verbesserung der Produkte behalten wir uns \u00c4nderungen in Konstruktion und Ausf\u00fchrung vor.<\/span><\/p>\n<p><span style=\"font-family: arial,helvetica,sans-serif; font-size: 12pt;\"><strong>Vertragspartner<\/strong><\/span><\/p>\n<p><span style=\"font-family: arial,helvetica,sans-serif;\">Auf Grundlage dieser Allgemeinen Gesch\u00e4ftsbedingungen (AGB) kommt zwischen dem Kunden und<\/span><\/p>\n<p><span style=\"font-family: arial,helvetica,sans-serif;\">Horter &amp; Kalb<br \/>\nInhaber J\u00fcrgen Horter<br \/>\nKlinikumallee 23<br \/>\n95445 Bayreuth\u00a0 <\/span><\/p>\n<p><span style=\"font-family: arial,helvetica,sans-serif;\">Tel.:\u00a0\u00a0\u00a0\u00a0\u00a0\u00a0\u00a0\u00a0 +49 (0)921 68374<br \/>\nFax:\u00a0\u00a0\u00a0\u00a0\u00a0\u00a0\u00a0\u00a0 +49 (0)3222 4344 616<br \/>\nEmail:\u00a0\u00a0\u00a0\u00a0\u00a0 <a href=\"mailto:mail@horter.de\">mail@horter.de<\/a><br \/>\nUSt-IdNr.: DE250411431\u00a0\u00a0\u00a0\u00a0\u00a0\u00a0\u00a0\u00a0\u00a0\u00a0\u00a0\u00a0\u00a0\u00a0\u00a0\u00a0\u00a0\u00a0\u00a0\u00a0\u00a0\u00a0\u00a0\u00a0\u00a0\u00a0\u00a0\u00a0\u00a0\u00a0\u00a0\u00a0\u00a0\u00a0\u00a0\u00a0\u00a0\u00a0\u00a0\u00a0\u00a0\u00a0\u00a0\u00a0\u00a0\u00a0\u00a0\u00a0\u00a0 <\/span><\/p>\n<p><span style=\"font-family: arial,helvetica,sans-serif;\">nachfolgend Anbieter genannt, der Vertrag zustande.<\/span><\/p>\n<p><span style=\"font-family: arial,helvetica,sans-serif; font-size: 12pt;\"><strong>Vertragsschluss<\/strong><\/span><\/p>\n<p><span style=\"font-family: arial,helvetica,sans-serif;\">Durch diesen Vertrag wird der Verkauf von neuen Waren \u00fcber den Online-Shop des Anbieters geregelt. Wegen der Details des jeweiligen Angebotes wird auf die Produktbeschreibung der Angebotsseite verwiesen. Die Vertragssprache ist Deutsch.<\/span><\/p>\n<p><span style=\"font-family: arial,helvetica,sans-serif;\">Die Darstellung der Produkte im Online-Shop stellt kein rechtlich bindendes Angebot, sondern einen unverbindlichen Online-Katalog dar. Durch Anklicken des Buttons \u201eKAUFEN\u201c geben Sie eine verbindliche Bestellung der im Warenkorb enthaltenen Waren ab. Die Best\u00e4tigung des Eingangs der Bestellung folgt unmittelbar nach dem Absenden der Bestellung und stellt noch keine Vertragsannahme dar. Alternativ k\u00f6nnen Sie schriftlich oder telefonisch bestellen. Wir k\u00f6nnen Ihre Bestellung durch Versand einer Auftragsbest\u00e4tigung per E-Mail oder durch Auslieferung der Ware innerhalb von f\u00fcnf Tagen annehmen.<\/span><\/p>\n<p><span style=\"font-family: arial,helvetica,sans-serif;\">Mit dem Versand einer Auftragsbest\u00e4tigung per E-Mail oder durch Auslieferung der Ware innerhalb von f\u00fcnf Tagen kommt der Vertrag zustande.<\/span><\/p>\n<p><span style=\"font-family: arial,helvetica,sans-serif; font-size: 12pt;\"><strong>Eigentumsvorbehalt<\/strong><\/span><\/p>\n<p><span style=\"font-family: arial,helvetica,sans-serif;\">Bis zur vollst\u00e4ndigen Bezahlung bleibt die gelieferte Ware im Eigentum des Anbieters.<\/span><\/p>\n<p><span style=\"font-family: arial,helvetica,sans-serif; font-size: 12pt;\"><strong>Preise, Versandkosten, R\u00fccksendekosten<\/strong><\/span><\/p>\n<p><span style=\"font-family: arial,helvetica,sans-serif;\">Aktuelle Preise im Onlineshop oder auf Anfrage per Email.<\/span><\/p>\n<p><span style=\"font-family: arial,helvetica,sans-serif;\">Alle Preise sind Endpreise und enthalten die gesetzliche Umsatzsteuer. Neben den Endpreisen fallen je nach Versandart weitere Kosten an, die vor Versendung der Bestellung angezeigt werden.<\/span><\/p>\n<p><span style=\"font-family: arial,helvetica,sans-serif;\">Wird vom Widerrufsrecht Gebrauch gemacht, tr\u00e4gt der Kunde die Kosten der R\u00fccksendung. Es ist davon auszugehen, dass diese sind nicht h\u00f6her sind als die Versandkosten zum Kunden hin.<\/span><\/p>\n<p><span style=\"font-family: arial,helvetica,sans-serif; font-size: 12pt;\"><strong>Zahlungsbedingungen<\/strong><\/span><\/p>\n<p><span style=\"font-family: arial,helvetica,sans-serif;\">Der Kunde hat ausschlie\u00dflich folgende M\u00f6glichkeiten zur Zahlung:<\/span><\/p>\n<p><span style=\"font-family: arial,helvetica,sans-serif;\">&#8211;\u00a0\u00a0Vorab\u00fcberweisung<br \/>\n&#8211;\u00a0\u00a0Rechnung bei Lieferung<br \/>\n&#8211;\u00a0\u00a0PayPal.<\/span><\/p>\n<p><span style=\"font-family: arial,helvetica,sans-serif;\">Weitere Zahlungsarten werden nicht angeboten und werden zur\u00fcckgewiesen.<\/span><\/p>\n<p><span style=\"font-family: arial,helvetica,sans-serif;\">Bei Vorab\u00fcberweisung ist der Rechnungsbetrag nach Zugang der Rechnung, die alle Angaben f\u00fcr die \u00dcberweisung enth\u00e4lt und mit E-Mail verschickt wird, auf das dort angegebene Konto vorab zu \u00fcberweisen.<\/span><\/p>\n<p><span style=\"font-family: arial,helvetica,sans-serif;\">Bei Rechnung ist der Kunde verpflichtet innerhalb von 10 Tagen nach Erhalt der Rechnung den ausgewiesenen Betrag auf das auf der Rechnung angegebene Konto einzuzahlen oder zu \u00fcberweisen. Die Zahlung ist ab Rechnungsdatum ohne Abzug f\u00e4llig. Der Kunde kommt erst nach Mahnung in Verzug.<\/span><\/p>\n<p><span style=\"font-family: arial,helvetica,sans-serif; font-size: 12pt;\"><strong>Lieferbedingungen<\/strong><\/span><\/p>\n<p><span style=\"font-family: arial,helvetica,sans-serif;\">Die Ware wird umgehend nach best\u00e4tigtem Zahlungseingang versendet. Der Versand erfolgt durchschnittlich sp\u00e4testens nach 2-3 Tagen. Die Regellieferzeit betr\u00e4gt 2-3 Tage, wenn in der Artikelbeschreibung nichts anderes angegeben ist. Der Anbieter versendet die Bestellung aus eigenem Lager, sobald die gesamte Bestellung dort vorr\u00e4tig ist.<\/span><\/p>\n<p><span style=\"font-family: arial,helvetica,sans-serif;\">Der Kunde wird \u00fcber Verz\u00f6gerungen umgehend informiert. Hat der Anbieter ein dauerhaftes Lieferhindernis, insbesondere h\u00f6here Gewalt oder Nichtbelieferung durch eigenen Lieferanten, obwohl rechtzeitig ein entsprechendes Deckungsgesch\u00e4ft get\u00e4tigt wurde, nicht zu vertreten, so hat der Anbieter das Recht, insoweit von einem Vertrag mit dem Kunden zur\u00fcckzutreten. Der Kunde wird dar\u00fcber unverz\u00fcglich informiert und empfangene Leistungen, insbesondere Zahlungen, werden zur\u00fcckerstattet.<\/span><\/p>\n<p><span style=\"font-family: arial,helvetica,sans-serif; font-size: 12pt;\"><strong>Widerrufsbelehrung<\/strong><\/span><\/p>\n<table style=\"width: 100%; border: 1px solid #000000;\">\n<tbody>\n<tr>\n<td><span style=\"font-family: arial,helvetica,sans-serif;\">Widerrufsrecht<\/span><span style=\"font-family: arial,helvetica,sans-serif;\">Sie haben das Recht, binnen vierzehn Tagen ohne Angabe von Gr\u00fcnden diesen Vertrag zu widerrufen.<\/span><\/p>\n<p><span style=\"font-family: arial,helvetica,sans-serif;\">Die Widerrufsfrist betr\u00e4gt vierzehn Tage ab dem Tag, an dem Sie oder ein von Ihnen benannter Dritter, der nicht der Bef\u00f6rderer ist, die letzte Ware in Besitz genommen haben bzw. hat. Um Ihr Widerrufsrecht auszu\u00fcben, m\u00fcssen Sie uns<\/span><\/p>\n<p><span style=\"font-family: arial,helvetica,sans-serif;\">Horter &amp; Kalb<br \/>\nInhaber J\u00fcrgen Horter<br \/>\nKlinikumallee 23<br \/>\n95445 Bayreuth<\/span><\/p>\n<p><span style=\"font-family: arial,helvetica,sans-serif;\">Tel:\u00a0\u00a0 +49 (0)921 68374<br \/>\nFax: +49 (0)3222 4344 616<br \/>\nEmail: <a href=\"mailto:mail@horter.de\">mail@horter.de<\/a><\/span><\/p>\n<p><span style=\"font-family: arial,helvetica,sans-serif;\">mittels einer eindeutigen Erkl\u00e4rung (z. B. ein mit der Post versandter Brief, Telefax oder E-Mail) \u00fcber Ihren Entschluss, diesen Vertrag zu widerrufen, informieren. Sie k\u00f6nnen daf\u00fcr das Muster-Widerrufsformular unter <a href=\"https:\/\/www.horter.de\/download\/\">https:\/\/www.horter.de\/download\/<\/a> verwenden, das jedoch nicht vorgeschrieben ist.<\/span><\/p>\n<p><span style=\"font-family: arial,helvetica,sans-serif;\">Zur Wahrung der Widerrufsfrist reicht es aus, dass Sie die Mitteilung \u00fcber die Aus\u00fcbung des Widerrufsrechts vor Ablauf der Widerrufsfrist absenden.<\/span><\/p>\n<p><span style=\"font-family: arial,helvetica,sans-serif;\">Folgen des Widerrufs<\/span><\/p>\n<p><span style=\"font-family: arial,helvetica,sans-serif;\">Wenn Sie diesen Vertrag widerrufen, haben wir Ihnen alle Zahlungen, die wir von Ihnen erhalten haben, einschlie\u00dflich der Lieferkosten (mit Ausnahme der zus\u00e4tzlichen Kosten, die sich daraus ergeben, dass Sie eine andere Art der Lieferung als die von uns angebotene, g\u00fcnstigste Standardlieferung gew\u00e4hlt haben), unverz\u00fcglich und sp\u00e4testens binnen vierzehn Tagen ab dem Tag zur\u00fcckzuzahlen, an dem die Mitteilung \u00fcber Ihren Widerruf dieses Vertrags bei uns eingegangen ist. F\u00fcr diese R\u00fcckzahlung verwenden wir dasselbe Zahlungsmittel, das Sie bei der urspr\u00fcnglichen Transaktion eingesetzt haben, es sei denn, mit Ihnen wurde ausdr\u00fccklich etwas anderes vereinbart; in keinem Fall werden Ihnen wegen dieser R\u00fcckzahlung Entgelte berechnet.<\/span><\/p>\n<p><span style=\"font-family: arial,helvetica,sans-serif;\">Sie haben die Waren unverz\u00fcglich und in jedem Fall sp\u00e4testens binnen vierzehn Tagen ab dem Tag, an dem Sie uns \u00fcber den Widerruf dieses Vertrags unterrichten, an uns zur\u00fcckzusenden oder zu \u00fcbergeben. Die Frist ist gewahrt, wenn Sie die Waren vor Ablauf der Frist von vierzehn Tagen absenden. Sie tragen die unmittelbaren Kosten der R\u00fccksendung der Waren.<\/span><\/p>\n<p><span style=\"font-family: arial,helvetica,sans-serif;\">Sie m\u00fcssen f\u00fcr einen etwaigen Wertverlust der Waren nur aufkommen, wenn dieser Wertverlust auf einen zur Pr\u00fcfung der Beschaffenheit, Eigenschaften und Funktionsweise der Waren nicht notwendigen Umgang mit ihnen zur\u00fcckzuf\u00fchren ist.<\/span><\/td>\n<\/tr>\n<\/tbody>\n<\/table>\n<p><span style=\"font-family: arial,helvetica,sans-serif; font-size: 12pt;\"><span style=\"font-family: arial,helvetica,sans-serif; font-size: 12pt;\"><strong>EU Streitschlichtungsplattform<\/strong><\/span><\/span><\/p>\n<p><span style=\"font-family: arial,helvetica,sans-serif;\">Die Europ\u00e4ische Kommission stellt eine Plattform zur Online-Streitbeilegung (OS) bereit. Die Plattform finden Sie unter <a href=\"http:\/\/ec.europa.eu\/consumers\/odr\/\" target=\"_blank\">http:\/\/ec.europa.eu\/consumers\/odr\/<\/a><\/span><\/p>\n<p><span style=\"font-family: arial,helvetica,sans-serif; font-size: 12pt;\"><strong>Gew\u00e4hrleistung<\/strong><\/span><\/p>\n<p><span style=\"font-family: arial,helvetica,sans-serif;\">Es bestehen die gesetzlichen Gew\u00e4hrleistungsanspr\u00fcche.<\/span><\/p>\n<p><span style=\"font-family: arial,helvetica,sans-serif; font-size: 12pt;\"><strong>Sprache, Gerichtsstand und anzuwendendes Recht<\/strong><\/span><\/p>\n<p><span style=\"font-family: arial,helvetica,sans-serif;\">Der Vertrag wird in Deutsch abgefasst. Die weitere Durchf\u00fchrung der Vertragsbeziehung erfolgt in Deutsch. Es findet ausschlie\u00dflich das Recht der Bundesrepublik Deutschland Anwendung. F\u00fcr Verbraucher gilt dies nur insoweit, als dadurch keine gesetzlichen Bestimmungen des Staates eingeschr\u00e4nkt werden, in dem der Kunde seinen Wohnsitz oder gew\u00f6hnlichen Aufenthalt hat. Gerichtsstand ist bei Streitigkeiten mit Kunden, die kein Verbraucher, juristische Person des \u00f6ffentlichen Rechts oder \u00f6ffentlich-rechtliches Sonderverm\u00f6gen sind, Sitz des Anbieters.<\/span><\/p>\n<p><span style=\"font-family: arial,helvetica,sans-serif; font-size: 12pt;\"><strong>Datenschutz<\/strong><\/span><\/p>\n<p><span style=\"font-family: arial,helvetica,sans-serif;\">Personenbezogene Daten sind Informationen, die einer nat\u00fcrlichen Person zugeordnet sind oder zugeordnet werden k\u00f6nnen, wie z. B. Ihre Adresse, Telefonnummer oder Ihre E-Mail Adresse.<\/span><\/p>\n<p><span style=\"font-family: arial,helvetica,sans-serif;\">Im Zusammenhang mit der Anbahnung, Abschluss, Abwicklung und R\u00fcckabwicklung eines Kaufvertrages werden vom Anbieter Daten erhoben, gespeichert und verarbeitet. Dies geschieht im Rahmen der gesetzlichen Bestimmungen.<\/span><\/p>\n<p><span style=\"font-family: arial,helvetica,sans-serif;\">Der Anbieter gibt keine personenbezogenen Daten des Kunden an Dritte weiter, es sei denn, dass er hierzu gesetzlich verpflichtet w\u00e4re oder der Kunde vorher ausdr\u00fccklich eingewilligt hat. Wird ein Dritter f\u00fcr Dienstleistungen im Zusammenhang mit der Abwicklung von Verarbeitungsprozessen eingesetzt, so werden die Bestimmungen des Bundesdatenschutzgesetzes eingehalten. Die vom Kunden im Wege der Bestellung mitgeteilten Daten werden ausschlie\u00dflich zur Kontaktaufnahme innerhalb des Rahmens der Vertragsabwicklung und nur zu dem Zweck verarbeitet, zu dem der Kunde die Daten zur Verf\u00fcgung gestellt hat. Die Daten werden nur soweit notwendig an das Versandunternehmen, das die Lieferung der Ware auftragsgem\u00e4\u00df \u00fcbernimmt, weitergegeben. Die Zahlungsdaten werden an das mit der Zahlung beauftragte Kreditinstitut weitergegeben. Soweit den Anbieter Aufbewahrungsfristen handels- oder steuerrechtlicher Natur treffen, kann die Speicherung einiger Daten bis zu zehn Jahre dauern.<\/span><\/p>\n<p><span style=\"font-family: arial,helvetica,sans-serif;\">W\u00e4hrend des Besuchs im Internet-Shop des Anbieters werden anonymisierte Daten, die keine R\u00fcckschl\u00fcssen auf personenbezogene Daten zulassen und auch nicht beabsichtigen, insbesondere IP-Adresse, Datum, Uhrzeit, Browsertyp, Betriebssystem und besuchte Seiten, protokolliert. Auf Wunsch des Kunden werden im Rahmen der gesetzlichen Bestimmungen die personenbezogenen Daten gel\u00f6scht, korrigiert oder gesperrt. Eine unentgeltliche Auskunft \u00fcber alle personenbezogenen Daten des Kunden ist m\u00f6glich. F\u00fcr Fragen und Antr\u00e4ge auf L\u00f6schung, Korrektur oder Sperrung personenbezogener Daten sowie Erhebung, Verarbeitung und Nutzung kann sich der Kunde an folgende Adresse wenden: Horter &amp; Kalb, Inhaber J\u00fcrgen Horter, Klinikumallee 23, 95445 Bayreuth<\/span><\/p>\n<p><span style=\"font-family: arial,helvetica,sans-serif; font-size: 12pt;\"><strong>Salvatorische Klausel<\/strong><\/span><\/p>\n<p><span style=\"font-family: arial,helvetica,sans-serif;\">Die Unwirksamkeit einer Bestimmung dieser AGB hat keine Auswirkungen auf die Wirksamkeit der sonstigen Bestimmungen.<\/span><\/p>\n","protected":false},"excerpt":{"rendered":"<p>Liebe Kunden, um diese Gesch\u00e4ftsbedingungen auszudrucken oder zu speichern benutzen Sie bitte die Druck- oder Speicherfunktion Ihres Browsers oder laden Sie diese unter https:\/\/www.horter.de\/download\/ als PDF-Dokument aus dem Internet. Geltungsbereich F\u00fcr die Gesch\u00e4ftsbeziehung zwischen Horter &amp; Kalb und dem Besteller&#8230; <a class=\"continue-reading-link\" href=\"https:\/\/www.horter.de\/blog\/agb\/\">mehr lesen<\/a><\/p>\n","protected":false},"author":3,"featured_media":0,"parent":0,"menu_order":4,"comment_status":"open","ping_status":"open","template":"","meta":{"footnotes":""},"class_list":["post-807","page","type-page","status-publish","hentry"],"yoast_head":"<!-- This site is optimized with the Yoast SEO plugin v26.8 - https:\/\/yoast.com\/product\/yoast-seo-wordpress\/ -->\n<title>AGB - Horter &amp; Kalb Blog<\/title>\n<meta name=\"robots\" content=\"index, follow, max-snippet:-1, max-image-preview:large, max-video-preview:-1\" \/>\n<link rel=\"canonical\" href=\"https:\/\/www.horter.de\/blog\/agb\/\" \/>\n<meta property=\"og:locale\" content=\"de_DE\" \/>\n<meta property=\"og:type\" content=\"article\" \/>\n<meta property=\"og:title\" content=\"AGB - Horter &amp; Kalb Blog\" \/>\n<meta property=\"og:description\" content=\"Liebe Kunden, um diese Gesch\u00e4ftsbedingungen auszudrucken oder zu speichern benutzen Sie bitte die Druck- oder Speicherfunktion Ihres Browsers oder laden Sie diese unter https:\/\/www.horter.de\/download\/ als PDF-Dokument aus dem Internet. Geltungsbereich F\u00fcr die Gesch\u00e4ftsbeziehung zwischen Horter &amp; Kalb und dem Besteller... mehr lesen\" \/>\n<meta property=\"og:url\" content=\"https:\/\/www.horter.de\/blog\/agb\/\" \/>\n<meta property=\"og:site_name\" content=\"Horter &amp; Kalb Blog\" \/>\n<meta property=\"article:modified_time\" content=\"2016-01-09T10:28:26+00:00\" \/>\n<meta name=\"twitter:card\" content=\"summary_large_image\" \/>\n<meta name=\"twitter:label1\" content=\"Gesch\u00e4tzte Lesezeit\" \/>\n\t<meta name=\"twitter:data1\" content=\"7\u00a0Minuten\" \/>\n<script type=\"application\/ld+json\" class=\"yoast-schema-graph\">{\"@context\":\"https:\/\/schema.org\",\"@graph\":[{\"@type\":\"WebPage\",\"@id\":\"https:\/\/www.horter.de\/blog\/agb\/\",\"url\":\"https:\/\/www.horter.de\/blog\/agb\/\",\"name\":\"AGB - Horter &amp; Kalb Blog\",\"isPartOf\":{\"@id\":\"https:\/\/www.horter.de\/blog\/#website\"},\"datePublished\":\"2014-06-13T14:03:28+00:00\",\"dateModified\":\"2016-01-09T10:28:26+00:00\",\"breadcrumb\":{\"@id\":\"https:\/\/www.horter.de\/blog\/agb\/#breadcrumb\"},\"inLanguage\":\"de\",\"potentialAction\":[{\"@type\":\"ReadAction\",\"target\":[\"https:\/\/www.horter.de\/blog\/agb\/\"]}]},{\"@type\":\"BreadcrumbList\",\"@id\":\"https:\/\/www.horter.de\/blog\/agb\/#breadcrumb\",\"itemListElement\":[{\"@type\":\"ListItem\",\"position\":1,\"name\":\"Start\",\"item\":\"https:\/\/www.horter.de\/blog\/\"},{\"@type\":\"ListItem\",\"position\":2,\"name\":\"AGB\"}]},{\"@type\":\"WebSite\",\"@id\":\"https:\/\/www.horter.de\/blog\/#website\",\"url\":\"https:\/\/www.horter.de\/blog\/\",\"name\":\"Horter & Kalb Blog\",\"description\":\"SPS, I2C und mehr\",\"publisher\":{\"@id\":\"https:\/\/www.horter.de\/blog\/#organization\"},\"potentialAction\":[{\"@type\":\"SearchAction\",\"target\":{\"@type\":\"EntryPoint\",\"urlTemplate\":\"https:\/\/www.horter.de\/blog\/?s={search_term_string}\"},\"query-input\":{\"@type\":\"PropertyValueSpecification\",\"valueRequired\":true,\"valueName\":\"search_term_string\"}}],\"inLanguage\":\"de\"},{\"@type\":\"Organization\",\"@id\":\"https:\/\/www.horter.de\/blog\/#organization\",\"name\":\"Horter & Kalb Blog\",\"url\":\"https:\/\/www.horter.de\/blog\/\",\"logo\":{\"@type\":\"ImageObject\",\"inLanguage\":\"de\",\"@id\":\"https:\/\/www.horter.de\/blog\/#\/schema\/logo\/image\/\",\"url\":\"https:\/\/www.horter.de\/blog\/wp-content\/uploads\/2026\/01\/hoka_Icon_400x400.png\",\"contentUrl\":\"https:\/\/www.horter.de\/blog\/wp-content\/uploads\/2026\/01\/hoka_Icon_400x400.png\",\"width\":400,\"height\":400,\"caption\":\"Horter & Kalb Blog\"},\"image\":{\"@id\":\"https:\/\/www.horter.de\/blog\/#\/schema\/logo\/image\/\"}}]}<\/script>\n<!-- \/ Yoast SEO plugin. -->","yoast_head_json":{"title":"AGB - Horter &amp; Kalb Blog","robots":{"index":"index","follow":"follow","max-snippet":"max-snippet:-1","max-image-preview":"max-image-preview:large","max-video-preview":"max-video-preview:-1"},"canonical":"https:\/\/www.horter.de\/blog\/agb\/","og_locale":"de_DE","og_type":"article","og_title":"AGB - Horter &amp; Kalb Blog","og_description":"Liebe Kunden, um diese Gesch\u00e4ftsbedingungen auszudrucken oder zu speichern benutzen Sie bitte die Druck- oder Speicherfunktion Ihres Browsers oder laden Sie diese unter https:\/\/www.horter.de\/download\/ als PDF-Dokument aus dem Internet. Geltungsbereich F\u00fcr die Gesch\u00e4ftsbeziehung zwischen Horter &amp; Kalb und dem Besteller... mehr lesen","og_url":"https:\/\/www.horter.de\/blog\/agb\/","og_site_name":"Horter &amp; Kalb Blog","article_modified_time":"2016-01-09T10:28:26+00:00","twitter_card":"summary_large_image","twitter_misc":{"Gesch\u00e4tzte Lesezeit":"7\u00a0Minuten"},"schema":{"@context":"https:\/\/schema.org","@graph":[{"@type":"WebPage","@id":"https:\/\/www.horter.de\/blog\/agb\/","url":"https:\/\/www.horter.de\/blog\/agb\/","name":"AGB - Horter &amp; Kalb Blog","isPartOf":{"@id":"https:\/\/www.horter.de\/blog\/#website"},"datePublished":"2014-06-13T14:03:28+00:00","dateModified":"2016-01-09T10:28:26+00:00","breadcrumb":{"@id":"https:\/\/www.horter.de\/blog\/agb\/#breadcrumb"},"inLanguage":"de","potentialAction":[{"@type":"ReadAction","target":["https:\/\/www.horter.de\/blog\/agb\/"]}]},{"@type":"BreadcrumbList","@id":"https:\/\/www.horter.de\/blog\/agb\/#breadcrumb","itemListElement":[{"@type":"ListItem","position":1,"name":"Start","item":"https:\/\/www.horter.de\/blog\/"},{"@type":"ListItem","position":2,"name":"AGB"}]},{"@type":"WebSite","@id":"https:\/\/www.horter.de\/blog\/#website","url":"https:\/\/www.horter.de\/blog\/","name":"Horter & Kalb Blog","description":"SPS, I2C und mehr","publisher":{"@id":"https:\/\/www.horter.de\/blog\/#organization"},"potentialAction":[{"@type":"SearchAction","target":{"@type":"EntryPoint","urlTemplate":"https:\/\/www.horter.de\/blog\/?s={search_term_string}"},"query-input":{"@type":"PropertyValueSpecification","valueRequired":true,"valueName":"search_term_string"}}],"inLanguage":"de"},{"@type":"Organization","@id":"https:\/\/www.horter.de\/blog\/#organization","name":"Horter & Kalb Blog","url":"https:\/\/www.horter.de\/blog\/","logo":{"@type":"ImageObject","inLanguage":"de","@id":"https:\/\/www.horter.de\/blog\/#\/schema\/logo\/image\/","url":"https:\/\/www.horter.de\/blog\/wp-content\/uploads\/2026\/01\/hoka_Icon_400x400.png","contentUrl":"https:\/\/www.horter.de\/blog\/wp-content\/uploads\/2026\/01\/hoka_Icon_400x400.png","width":400,"height":400,"caption":"Horter & Kalb Blog"},"image":{"@id":"https:\/\/www.horter.de\/blog\/#\/schema\/logo\/image\/"}}]}},"_links":{"self":[{"href":"https:\/\/www.horter.de\/blog\/wp-json\/wp\/v2\/pages\/807","targetHints":{"allow":["GET"]}}],"collection":[{"href":"https:\/\/www.horter.de\/blog\/wp-json\/wp\/v2\/pages"}],"about":[{"href":"https:\/\/www.horter.de\/blog\/wp-json\/wp\/v2\/types\/page"}],"author":[{"embeddable":true,"href":"https:\/\/www.horter.de\/blog\/wp-json\/wp\/v2\/users\/3"}],"replies":[{"embeddable":true,"href":"https:\/\/www.horter.de\/blog\/wp-json\/wp\/v2\/comments?post=807"}],"version-history":[{"count":10,"href":"https:\/\/www.horter.de\/blog\/wp-json\/wp\/v2\/pages\/807\/revisions"}],"predecessor-version":[{"id":1118,"href":"https:\/\/www.horter.de\/blog\/wp-json\/wp\/v2\/pages\/807\/revisions\/1118"}],"wp:attachment":[{"href":"https:\/\/www.horter.de\/blog\/wp-json\/wp\/v2\/media?parent=807"}],"curies":[{"name":"wp","href":"https:\/\/api.w.org\/{rel}","templated":true}]}}